{"id":18143,"date":"2023-03-26T14:36:32","date_gmt":"2023-03-26T14:36:32","guid":{"rendered":"https:\/\/clinicestetik.com\/?page_id=18143"},"modified":"2023-05-06T15:56:03","modified_gmt":"2023-05-06T15:56:03","slug":"botox","status":"publish","type":"page","link":"https:\/\/clinicestetik.com\/en\/medical-aesthetics\/botox\/","title":{"rendered":"Botox"},"content":{"rendered":"\t\t<div data-elementor-type=\"wp-page\" data-elementor-id=\"18143\" class=\"elementor elementor-18143 elementor-17281\" data-elementor-post-type=\"page\">\n\t\t\t\t\t\t\t\t\t<section class=\"elementor-section elementor-top-section elementor-element elementor-element-9e8ccfe elementor-section-boxed elementor-section-height-default elementor-section-height-default\" data-id=\"9e8ccfe\" data-element_type=\"section\">\n\t\t\t\t\t\t\t<div class=\"elementor-background-overlay\"><\/div>\n\t\t\t\t\t\t\t<div class=\"elementor-container elementor-column-gap-default\">\n\t\t\t\t\t<div class=\"elementor-column elementor-col-100 elementor-top-column elementor-element elementor-element-efd3fb2\" data-id=\"efd3fb2\" data-element_type=\"column\">\n\t\t\t<div class=\"elementor-widget-wrap elementor-element-populated\">\n\t\t\t\t\t\t\t\t<div class=\"elementor-element elementor-element-16839cc elementor-widget elementor-widget-heading\" data-id=\"16839cc\" data-element_type=\"widget\" data-widget_type=\"heading.default\">\n\t\t\t\t<div class=\"elementor-widget-container\">\n\t\t\t<style>\/*! elementor - v3.14.0 - 18-06-2023 *\/\n.elementor-heading-title{padding:0;margin:0;line-height:1}.elementor-widget-heading .elementor-heading-title[class*=elementor-size-]>a{color:inherit;font-size:inherit;line-height:inherit}.elementor-widget-heading .elementor-heading-title.elementor-size-small{font-size:15px}.elementor-widget-heading .elementor-heading-title.elementor-size-medium{font-size:19px}.elementor-widget-heading .elementor-heading-title.elementor-size-large{font-size:29px}.elementor-widget-heading .elementor-heading-title.elementor-size-xl{font-size:39px}.elementor-widget-heading .elementor-heading-title.elementor-size-xxl{font-size:59px}<\/style><h1 class=\"elementor-heading-title elementor-size-default\">Botox<\/h1>\t\t<\/div>\n\t\t\t\t<\/div>\n\t\t\t\t\t<\/div>\n\t\t<\/div>\n\t\t\t\t\t\t\t<\/div>\n\t\t<\/section>\n\t\t\t\t<section class=\"elementor-section elementor-top-section elementor-element elementor-element-30068da elementor-section-boxed elementor-section-height-default elementor-section-height-default\" data-id=\"30068da\" data-element_type=\"section\">\n\t\t\t\t\t\t<div class=\"elementor-container elementor-column-gap-default\">\n\t\t\t\t\t<div class=\"elementor-column elementor-col-50 elementor-top-column elementor-element elementor-element-5549cd5\" data-id=\"5549cd5\" data-element_type=\"column\">\n\t\t\t<div class=\"elementor-widget-wrap elementor-element-populated\">\n\t\t\t\t\t\t\t\t<div class=\"elementor-element elementor-element-044869e elementor-toc--minimized-on-tablet elementor-widget elementor-widget-table-of-contents\" data-id=\"044869e\" data-element_type=\"widget\" data-settings=\"{&quot;exclude_headings_by_selector&quot;:[],&quot;marker_view&quot;:&quot;bullets&quot;,&quot;headings_by_tags&quot;:[&quot;h2&quot;,&quot;h3&quot;,&quot;h4&quot;,&quot;h5&quot;,&quot;h6&quot;],&quot;icon&quot;:{&quot;value&quot;:&quot;fas fa-circle&quot;,&quot;library&quot;:&quot;fa-solid&quot;},&quot;minimize_box&quot;:&quot;yes&quot;,&quot;minimized_on&quot;:&quot;tablet&quot;,&quot;hierarchical_view&quot;:&quot;yes&quot;,&quot;min_height&quot;:{&quot;unit&quot;:&quot;px&quot;,&quot;size&quot;:&quot;&quot;,&quot;sizes&quot;:[]},&quot;min_height_tablet&quot;:{&quot;unit&quot;:&quot;px&quot;,&quot;size&quot;:&quot;&quot;,&quot;sizes&quot;:[]},&quot;min_height_mobile&quot;:{&quot;unit&quot;:&quot;px&quot;,&quot;size&quot;:&quot;&quot;,&quot;sizes&quot;:[]}}\" data-widget_type=\"table-of-contents.default\">\n\t\t\t\t<div class=\"elementor-widget-container\">\n\t\t\t<style>\/*! elementor-pro - v3.14.0 - 18-06-2023 *\/\n.elementor-widget-table-of-contents .elementor-toc__header-title{color:var(--header-color)}.elementor-widget-table-of-contents.elementor-toc--collapsed .elementor-toc__toggle-button--collapse,.elementor-widget-table-of-contents:not(.elementor-toc--collapsed) .elementor-toc__toggle-button--expand{display:none}.elementor-widget-table-of-contents .elementor-widget-container{min-height:var(--box-min-height);border:var(--box-border-width,1px) solid var(--box-border-color,#9da5ae);border-radius:var(--box-border-radius,3px);background-color:var(--box-background-color);transition:min-height .4s;overflow:hidden}.elementor-toc__header{display:flex;align-items:center;justify-content:space-between;padding:var(--box-padding,20px);background-color:var(--header-background-color);border-bottom:var(--separator-width,1px) solid var(--box-border-color,#9da5ae)}.elementor-toc__header-title{font-size:18px;margin:0;color:var(--header-color)}.elementor-toc__toggle-button{cursor:pointer;display:inline-flex}.elementor-toc__toggle-button i{color:var(--toggle-button-color)}.elementor-toc__toggle-button svg{height:1em;width:1em;fill:var(--toggle-button-color)}.elementor-toc__spinner-container{text-align:center}.elementor-toc__spinner{font-size:2em}.elementor-toc__spinner.e-font-icon-svg{height:1em;width:1em}.elementor-toc__body{padding:var(--box-padding,20px);max-height:var(--toc-body-max-height);overflow-y:auto}.elementor-toc__body::-webkit-scrollbar{width:7px}.elementor-toc__body::-webkit-scrollbar-thumb{background-color:#babfc5;border-radius:10px}.elementor-toc__list-wrapper{list-style:none;padding:0}.elementor-toc__list-item{margin-bottom:.5em}.elementor-toc__list-item.elementor-item-active{font-weight:700}.elementor-toc__list-item .elementor-toc__list-wrapper{margin-top:.5em;margin-left:var(--nested-list-indent,1em)}.elementor-toc__list-item-text:hover{color:var(--item-text-hover-color);-webkit-text-decoration:var(--item-text-hover-decoration);text-decoration:var(--item-text-hover-decoration)}.elementor-toc__list-item-text.elementor-item-active{color:var(--item-text-active-color);-webkit-text-decoration:var(--item-text-active-decoration);text-decoration:var(--item-text-active-decoration)}.elementor-toc__list-item-text-wrapper{display:flex;align-items:center}.elementor-toc__list-item-text-wrapper:before,.elementor-toc__list-item-text-wrapper i{margin-right:8px;color:var(--marker-color)}.elementor-toc__list-item-text-wrapper svg{margin-right:8px;fill:var(--marker-color);height:var(--marker-size,.5em);width:var(--marker-size,.5em)}.elementor-toc__list-item-text-wrapper i{font-size:var(--marker-size,.5em)}.elementor-toc__list-item-text-wrapper:before{font-size:var(--marker-size,1em)}.elementor-toc--content-ellipsis .elementor-toc__list-item-text{white-space:nowrap;overflow:hidden;text-overflow:ellipsis}.elementor-toc__list-items--collapsible>.elementor-toc__list-wrapper>.elementor-toc__list-item>.elementor-toc__list-wrapper{display:none}.elementor-toc__heading-anchor{position:absolute}.elementor-toc__body .elementor-toc__list-item-text{color:var(--item-text-color);-webkit-text-decoration:var(--item-text-decoration);text-decoration:var(--item-text-decoration)}.elementor-toc__body .elementor-toc__list-item-text:hover{color:var(--item-text-hover-color);-webkit-text-decoration:var(--item-text-hover-decoration);text-decoration:var(--item-text-hover-decoration)}.elementor-toc__body .elementor-toc__list-item-text.elementor-item-active{color:var(--item-text-active-color);-webkit-text-decoration:var(--item-text-active-decoration);text-decoration:var(--item-text-active-decoration)}ol.elementor-toc__list-wrapper{counter-reset:item}ol.elementor-toc__list-wrapper .elementor-toc__list-item{counter-increment:item}ol.elementor-toc__list-wrapper .elementor-toc__list-item-text-wrapper:before{content:counters(item,\".\") \". \"}<\/style>\t\t<div class=\"elementor-toc__header\" aria-controls=\"elementor-toc__body\">\n\t\t\t<h2 class=\"elementor-toc__header-title\">\n\t\t\t\t\u0130\u00e7indekiler\t\t\t<\/h2>\n\t\t\t\t\t\t\t<div class=\"elementor-toc__toggle-button elementor-toc__toggle-button--expand\" role=\"button\" tabindex=\"0\" aria-label=\"Open table of contents\"><i aria-hidden=\"true\" class=\"fas fa-chevron-down\"><\/i><\/div>\n\t\t\t\t<div class=\"elementor-toc__toggle-button elementor-toc__toggle-button--collapse\" role=\"button\" tabindex=\"0\" aria-label=\"Close table of contents\"><i aria-hidden=\"true\" class=\"fas fa-chevron-up\"><\/i><\/div>\n\t\t\t\t\t<\/div>\n\t\t<div class=\"elementor-toc__body\" aria-expanded=\"true\">\n\t\t\t<div class=\"elementor-toc__spinner-container\">\n\t\t\t\t<i class=\"elementor-toc__spinner eicon-animation-spin eicon-loading\" aria-hidden=\"true\"><\/i>\t\t\t<\/div>\n\t\t<\/div>\n\t\t\t\t<\/div>\n\t\t\t\t<\/div>\n\t\t\t\t\t<\/div>\n\t\t<\/div>\n\t\t\t\t<div class=\"elementor-column elementor-col-50 elementor-top-column elementor-element elementor-element-6c2064a\" data-id=\"6c2064a\" data-element_type=\"column\">\n\t\t\t<div class=\"elementor-widget-wrap elementor-element-populated\">\n\t\t\t\t\t\t\t\t<div class=\"elementor-element elementor-element-c247226 elementor-widget elementor-widget-text-editor\" data-id=\"c247226\" data-element_type=\"widget\" data-widget_type=\"text-editor.default\">\n\t\t\t\t<div class=\"elementor-widget-container\">\n\t\t\t<style>\/*! elementor - v3.14.0 - 18-06-2023 *\/\n.elementor-widget-text-editor.elementor-drop-cap-view-stacked .elementor-drop-cap{background-color:#69727d;color:#fff}.elementor-widget-text-editor.elementor-drop-cap-view-framed .elementor-drop-cap{color:#69727d;border:3px solid;background-color:transparent}.elementor-widget-text-editor:not(.elementor-drop-cap-view-default) .elementor-drop-cap{margin-top:8px}.elementor-widget-text-editor:not(.elementor-drop-cap-view-default) .elementor-drop-cap-letter{width:1em;height:1em}.elementor-widget-text-editor .elementor-drop-cap{float:left;text-align:center;line-height:1;font-size:50px}.elementor-widget-text-editor .elementor-drop-cap-letter{display:inline-block}<\/style>\t\t\t\t<h2>Botox: Innovative Treatment of the Aesthetic World<\/h2><div>\u00a0<\/div><div><img loading=\"lazy\" decoding=\"async\" class=\"alignleft wp-image-17457\" src=\"https:\/\/clinicestetik.com\/wp-content\/uploads\/2023\/05\/botoks-clinicestetik.jpg\" alt=\"\" width=\"500\" height=\"328\" srcset=\"https:\/\/clinicestetik.com\/wp-content\/uploads\/2023\/05\/botoks-clinicestetik.jpg 990w, https:\/\/clinicestetik.com\/wp-content\/uploads\/2023\/05\/botoks-clinicestetik-300x197.jpg 300w, https:\/\/clinicestetik.com\/wp-content\/uploads\/2023\/05\/botoks-clinicestetik-768x504.jpg 768w\" sizes=\"auto, (max-width: 500px) 100vw, 500px\" \/><\/div><p>Botox is a treatment method that has become very popular in the aesthetic industry in recent years. This method, which is very popular among those who seek the secret of beauty and youth, is preferred by both women and men. In this article, we will provide detailed information about what botox is, how it is applied, its benefits and risks.<\/p><h2>Botoks Nedir?<\/h2><p>Botoks, Clostridium botulinum bakterisinden elde edilen bir proteindir. Uyguland\u0131\u011f\u0131 b\u00f6lgedeki kaslar\u0131 ge\u00e7ici olarak fel\u00e7 ederek k\u0131r\u0131\u015f\u0131kl\u0131klar\u0131n azalt\u0131lmas\u0131na ve y\u00fcz hatlar\u0131n\u0131n d\u00fczeltilmesine yard\u0131mc\u0131 olur. Botoks ayr\u0131ca a\u015f\u0131r\u0131 terleme ve migren tedavisinde de kullan\u0131lmaktad\u0131r.<\/p><h2>Botoks Nas\u0131l Uygulan\u0131r?<\/h2><p>Botoks uygulamas\u0131, enjeksiyon yoluyla ger\u00e7ekle\u015ftirilir. Uygulama yap\u0131lacak b\u00f6lgenin \u00f6ncelikle temizlenmesi ve dezenfekte edilmesi gerekmektedir. Daha sonra, ince bir i\u011fne ile botoks, kaslar\u0131n i\u00e7ine enjekte edilir. \u0130\u015flem genellikle 15-30 dakika s\u00fcrer ve ac\u0131s\u0131zd\u0131r. Botoksun etkisi genellikle 3-6 ay s\u00fcrer.<\/p><h2>Botoks Kimler \u0130\u00e7in Uygun De\u011fildir?<\/h2><p>Botoks, hamile ve emziren kad\u0131nlar, kas hastal\u0131\u011f\u0131 olanlar ve kan suland\u0131r\u0131c\u0131 ila\u00e7 kullananlar gibi belirli gruplar i\u00e7in uygun olmayabilir. Bu nedenle, botoks uygulamas\u0131 \u00f6ncesinde mutlaka doktorunuzla konu\u015fman\u0131z gerekmektedir.<\/p><h2>Botoksun Faydalar\u0131 Nelerdir?<\/h2><p>Botoks, bir\u00e7ok faydas\u0131 olan bir tedavi y\u00f6ntemidir. En \u00f6nemli faydalar\u0131 \u015funlard\u0131r:<\/p><ul><li>K\u0131r\u0131\u015f\u0131kl\u0131klar\u0131n azalt\u0131lmas\u0131<\/li><li>Y\u00fcz hatlar\u0131n\u0131n d\u00fczeltilmesi<\/li><li>A\u015f\u0131r\u0131 terlemeyi azaltma<\/li><li>Migren tedavisinde kullan\u0131lma<\/li><\/ul><h2>Botoksun Riskleri Nelerdir?<\/h2><p>Botoks, do\u011fru \u015fekilde uyguland\u0131\u011f\u0131nda genellikle g\u00fcvenli bir tedavi y\u00f6ntemidir. Ancak, baz\u0131 yan etkileri olabilir. En s\u0131k g\u00f6r\u00fclen yan etkiler aras\u0131nda \u015funlar bulunur:<\/p><ul><li>Enjeksiyon b\u00f6lgesinde a\u011fr\u0131, \u015fi\u015flik veya k\u0131zar\u0131kl\u0131k<\/li><li>Ba\u015f a\u011fr\u0131s\u0131<\/li><li>Ge\u00e7ici g\u00f6z kapa\u011f\u0131 d\u00fc\u015f\u00fckl\u00fc\u011f\u00fc<\/li><li>Hafif bulan\u0131k g\u00f6rme<\/li><\/ul><p>Nadir g\u00f6r\u00fclen yan etkiler aras\u0131nda ise alerjik reaksiyonlar, nefes alma g\u00fc\u00e7l\u00fc\u011f\u00fc ve konu\u015fma bozuklu\u011fu bulunur.<\/p><h2>Botoksun Kal\u0131c\u0131l\u0131\u011f\u0131 Nedir?<\/h2><p>Botoks,\u00a0<span style=\"color: var( --e-global-color-text ); font-family: var( --e-global-typography-text-font-family ), Sans-serif; font-weight: var( --e-global-typography-text-font-weight ); font-size: 1rem;\">genellikle ge\u00e7ici bir tedavi y\u00f6ntemidir. Kaslar\u0131n ge\u00e7ici olarak fel\u00e7 edilmesi nedeniyle etkisi 3-6 ay s\u00fcrer. Botoksun kal\u0131c\u0131l\u0131\u011f\u0131, uygulama yap\u0131lan b\u00f6lgeye ve ki\u015finin metabolizmas\u0131na ba\u011fl\u0131 olarak de\u011fi\u015febilir.<\/span><\/p><h2>Botoks Hangi B\u00f6lgelere Uygulan\u0131r?<\/h2><p>Botoks, en s\u0131k y\u00fcz b\u00f6lgesinde uygulan\u0131r. K\u0131r\u0131\u015f\u0131kl\u0131klar\u0131n azalt\u0131lmas\u0131 ve y\u00fcz hatlar\u0131n\u0131n d\u00fczeltilmesi amac\u0131yla en s\u0131k kullan\u0131lan b\u00f6lgeler \u015funlard\u0131r:<\/p><ul><li>Al\u0131n<\/li><li>Ka\u015f aras\u0131<\/li><li>G\u00f6z \u00e7evresi<\/li><li>A\u011f\u0131z kenarlar\u0131<\/li><li>Boyun<\/li><\/ul><p>Botoks ayr\u0131ca a\u015f\u0131r\u0131 terleme ve migren tedavisinde de kullan\u0131lmaktad\u0131r.<\/p><h2>Botoksun Etkisi Ne Zaman Ba\u015flar?<\/h2><p>Botoksun etkisi, genellikle 2-3 g\u00fcn i\u00e7inde ba\u015flar ve tam etkisini g\u00f6stermesi i\u00e7in 1-2 hafta s\u00fcrebilir.<\/p><h2>Botoks Kimler Taraf\u0131ndan Uygulanabilir?<\/h2><p>Botoks uygulamas\u0131, uzman bir doktor veya dermatolog taraf\u0131ndan yap\u0131lmal\u0131d\u0131r. Uygulamay\u0131 yapacak ki\u015finin deneyimli olmas\u0131 ve botoksun do\u011fru \u015fekilde uygulanmas\u0131n\u0131 sa\u011flamas\u0131 \u00f6nemlidir.<\/p><h2>Botoksun Maliyeti Nedir?<\/h2><p>Botoksun maliyeti, uygulama yap\u0131lan b\u00f6lgeye, uygulamay\u0131 yapacak ki\u015finin deneyimine ve uygulama yap\u0131lacak klini\u011fin konumuna g\u00f6re de\u011fi\u015febilir.<\/p><h2>Botoksun Alternatifleri Nelerdir?<\/h2><p>Botoks, k\u0131r\u0131\u015f\u0131kl\u0131klar\u0131n azalt\u0131lmas\u0131 ve y\u00fcz hatlar\u0131n\u0131n d\u00fczeltilmesi i\u00e7in en s\u0131k kullan\u0131lan tedavi y\u00f6ntemlerinden biridir. Ancak, botoksa alternatif olarak dolgu, PRP ve mezoterapi gibi y\u00f6ntemler de kullan\u0131lmaktad\u0131r.<\/p><h2>Botoksun Yan Etkileri Nas\u0131l \u00d6nlenir?<\/h2><p>Botoksun yan etkilerini \u00f6nlemek i\u00e7in uygulamay\u0131 yapacak ki\u015finin deneyimli olmas\u0131 ve do\u011fru teknikleri kullanmas\u0131 \u00f6nemlidir. Ayr\u0131ca, uygulama \u00f6ncesinde doktorunuzla t\u00fcm sa\u011fl\u0131k sorunlar\u0131n\u0131z\u0131 ve kulland\u0131\u011f\u0131n\u0131z ila\u00e7lar\u0131 payla\u015fman\u0131z gerekmektedir.<\/p><h2>Botoks Kimlere \u00d6nerilir?<\/h2><p>Botoks, genellikle 25-65 ya\u015f aral\u0131\u011f\u0131ndaki ki\u015filere \u00f6nerilmektedir. K\u0131r\u0131\u015f\u0131kl\u0131klar\u0131n azalt\u0131lmas\u0131, y\u00fcz hatlar\u0131n\u0131n d\u00fczeltilmesi, a\u015f\u0131r\u0131 terleme ve migren tedavisinde kullan\u0131lan botoks, uygun adaylar i\u00e7in olduk\u00e7a etkili bir tedavi y\u00f6ntemidir.<\/p><h2>Botoks Uygulamas\u0131 \u00d6ncesi Nelere Dikkat Edilmelidir?<\/h2><p>Botoks uygulamas\u0131 \u00f6ncesinde alkol ve\u00a0<span style=\"color: var( --e-global-color-text ); font-family: var( --e-global-typography-text-font-family ), Sans-serif; font-weight: var( --e-global-typography-text-font-weight ); font-size: 1rem;\">kan suland\u0131r\u0131c\u0131 ila\u00e7lar\u0131n kullan\u0131m\u0131 en az bir hafta \u00f6ncesinden kesilmelidir. Ayr\u0131ca, uygulama yap\u0131lan b\u00f6lgede enfeksiyon veya cilt hastal\u0131\u011f\u0131 gibi sorunlar varsa botoks uygulanmamal\u0131d\u0131r. Uygulama \u00f6ncesinde doktorunuzla t\u00fcm sa\u011fl\u0131k sorunlar\u0131n\u0131z\u0131 ve kulland\u0131\u011f\u0131n\u0131z ila\u00e7lar\u0131 payla\u015fman\u0131z gerekmektedir.<\/span><\/p><h2>Botoks Uygulamas\u0131 Sonras\u0131 Nelere Dikkat Edilmelidir?<\/h2><p>Botoks uygulamas\u0131 sonras\u0131nda, en az 24 saat boyunca uygulama yap\u0131lan b\u00f6lgeye masaj yap\u0131lmamal\u0131d\u0131r. Ayr\u0131ca, en az 24 saat boyunca egzersiz yapmaktan ka\u00e7\u0131n\u0131lmal\u0131 ve alkol t\u00fcketilmemelidir. Botoks uygulamas\u0131n\u0131n ard\u0131ndan hafif \u015fi\u015flik, k\u0131zar\u0131kl\u0131k ve a\u011fr\u0131 gibi yan etkiler g\u00f6r\u00fclebilir ancak genellikle birka\u00e7 g\u00fcn i\u00e7inde kaybolurlar.<\/p><h2>Botoksun Kal\u0131c\u0131l\u0131\u011f\u0131 Nas\u0131l Artt\u0131r\u0131labilir?<\/h2><p>Botoksun kal\u0131c\u0131l\u0131\u011f\u0131, uygulama yap\u0131lan b\u00f6lgeye ve ki\u015finin metabolizmas\u0131na ba\u011fl\u0131 olarak de\u011fi\u015febilir. Ancak, botoksun kal\u0131c\u0131l\u0131\u011f\u0131n\u0131 artt\u0131rmak i\u00e7in d\u00fczenli olarak uygulanmas\u0131 gerekmektedir. Botoksun etkisi ge\u00e7tikten sonra yeniden uygulama yap\u0131lmas\u0131 gerekmektedir.<\/p><h2>Botoks Uygulamas\u0131n\u0131n Riskleri Nelerdir?<\/h2><p>Botoks uygulamas\u0131 genellikle g\u00fcvenli bir i\u015flem olsa da, baz\u0131 riskleri vard\u0131r. En s\u0131k g\u00f6r\u00fclen yan etkiler aras\u0131nda hafif \u015fi\u015flik, k\u0131zar\u0131kl\u0131k ve a\u011fr\u0131 yer al\u0131r. Nadir olarak, uygulama yap\u0131lan b\u00f6lgede d\u00fczensiz kas hareketleri veya d\u00fc\u015f\u00fck g\u00f6z kapa\u011f\u0131 gibi sorunlar g\u00f6r\u00fclebilir.<\/p><h2>Botoks Uygulamas\u0131 Ne Kadar S\u00fcrer?<\/h2><p>Botoks uygulamas\u0131, genellikle 10-15 dakika s\u00fcrmektedir. Uygulama yap\u0131lan b\u00f6lgeye ve uygulaman\u0131n yap\u0131laca\u011f\u0131 ki\u015finin ihtiya\u00e7lar\u0131na g\u00f6re s\u00fcre de\u011fi\u015febilir.<\/p><h2>Botoksun Ge\u00e7mi\u015fi Nedir?<\/h2><p>Botoksun ge\u00e7mi\u015fi, 1980&#8217;lerin sonuna kadar uzanmaktad\u0131r. Botoks, ilk olarak g\u00f6z kaslar\u0131n\u0131n tedavisi i\u00e7in kullan\u0131lm\u0131\u015ft\u0131r. Daha sonra, k\u0131r\u0131\u015f\u0131kl\u0131klar\u0131n azalt\u0131lmas\u0131 ve y\u00fcz hatlar\u0131n\u0131n d\u00fczeltilmesi i\u00e7in kullan\u0131lmaya ba\u015flanm\u0131\u015ft\u0131r.<\/p><h2>Botoksun Tarihi Nedir?<\/h2><p>Botoksun tarihi, 1820&#8217;lere kadar uzanmaktad\u0131r. Botulinum toksini, ilk olarak Almanya&#8217;da ke\u00e7i eti zehirlenmesi sonucu tan\u0131mlanm\u0131\u015ft\u0131r. Daha sonra, botoksun t\u0131bbi ama\u00e7larla kullan\u0131m\u0131 geli\u015ftirilmi\u015ftir.<\/p><h2>Botoksun Gelece\u011fi Nedir?<\/h2><p>Botoksun gelece\u011fi, s\u00fcrekli olarak ara\u015ft\u0131r\u0131lan ve geli\u015ftirilen bir aland\u0131r. Botoksun kullan\u0131m alanlar\u0131 geni\u015flemekte ve yeni uygulama alanlar\u0131 ke\u015ffedilmektedir. \u00d6rne\u011fin, son zamanlarda botoksun migren tedavisinde etkili oldu\u011fu ke\u015ffedilmi\u015ftir. Ayr\u0131ca, botoksun cilt gen\u00e7le\u015ftirme ama\u00e7l\u0131 kullan\u0131m\u0131 da pop\u00fcler hale gelmektedir. Gelecekte, botoksun daha da geli\u015ftirilerek daha etkili ve g\u00fcvenli hale getirilmesi beklenmektedir.<\/p><h2>Botoks Uygulamas\u0131 Fiyatlar\u0131 Nedir?<\/h2><p>Botoks uygulamas\u0131 fiyatlar\u0131, uygulama yap\u0131lacak b\u00f6lgeye ve uygulamay\u0131 yapan doktorun deneyimine g\u00f6re de\u011fi\u015fmektedir. Genellikle, botoks uygulamas\u0131 b\u00f6lge ba\u015f\u0131na \u00fccretlendirilir ve fiyatlar uygulama yap\u0131lan b\u00f6lgenin b\u00fcy\u00fckl\u00fc\u011f\u00fcne ve ihtiya\u00e7 duyulan botoks miktar\u0131na g\u00f6re belirlenir. Botoks uygulamas\u0131 fiyatlar\u0131, genellikle 500-1000 TL aras\u0131nda de\u011fi\u015fmektedir.<\/p><h2>Botoks Uygulamas\u0131 Yapt\u0131rmak \u0130\u00e7in Ne Yap\u0131lmal\u0131d\u0131r?<\/h2><p>Botoks uygulamas\u0131 yapt\u0131rmadan \u00f6nce, uygulama yapacak doktorun deneyimine ve uygulama yap\u0131lacak yerin hijyenine dikkat edilmelidir. Ayr\u0131ca, botoks uygulamas\u0131 \u00f6ncesinde doktorunuzla t\u00fcm sa\u011fl\u0131k sorunlar\u0131n\u0131z\u0131 ve kulland\u0131\u011f\u0131n\u0131z ila\u00e7lar\u0131 payla\u015fman\u0131z gerekmektedir. Botoks uygulamas\u0131 sonras\u0131nda, doktorunuzun verdi\u011fi talimatlara uymal\u0131 ve uygulama yap\u0131lan b\u00f6lgeyi en az 24 saat boyunca dinlendirmelisiniz.<\/p><h2>Sonu\u00e7<\/h2><p>Botoks, y\u00fcz hatlar\u0131n\u0131n d\u00fczeltilmesi ve k\u0131r\u0131\u015f\u0131kl\u0131klar\u0131n azalt\u0131lmas\u0131 gibi estetik ama\u00e7larla kullan\u0131lan etkili bir y\u00f6ntemdir. Ancak, botoks uygulamas\u0131 \u00f6ncesinde ve sonras\u0131nda dikkat edilmesi gereken baz\u0131 noktalar vard\u0131r. Botoksun etkileri ge\u00e7tikten sonra yeniden uygulama yap\u0131lmas\u0131 gerekti\u011fi unutulmamal\u0131d\u0131r. Botoks uygulamas\u0131 yapt\u0131rmadan \u00f6nce, deneyimli bir doktorla g\u00f6r\u00fc\u015fmek ve t\u00fcm sa\u011fl\u0131k sorunlar\u0131n\u0131z\u0131 payla\u015fmak \u00f6nemlidir.<\/p>\t\t\t\t\t\t<\/div>\n\t\t\t\t<\/div>\n\t\t\t\t\t<\/div>\n\t\t<\/div>\n\t\t\t\t\t\t\t<\/div>\n\t\t<\/section>\n\t\t\t\t\t\t\t<\/div>\n\t\t","protected":false},"excerpt":{"rendered":"<p>Botox Medikal Estetik Botoks Dudak-I\u015f\u0131k-Y\u00fcz Dolgusu \u0130ple Y\u00fcz Asma Q-Switch Lazerle Leke \u00c7il Tedavisi Botoks \u0130le Terleme Tedavisi Burun Dolgusu \u0130ple Ka\u015f Kald\u0131rma (Fox Eye- Badem G\u00f6z) Q-Switch Lazerle D\u00f6vme Silme Migren Botoksu Gen\u00e7lik A\u015f\u0131s\u0131 \u0130ple Y\u00fcz Germe (\u00d6r\u00fcmcek A\u011f\u0131 Esteti\u011fi) CO2 Lazerle Cilt Yenileme Akne Tedavisi Mezoterapi Burun \u0130pi Ask\u0131 CO2 Lazerle Cilt Soyma [&hellip;]<\/p>\n","protected":false},"author":1,"featured_media":0,"parent":18827,"menu_order":0,"comment_status":"closed","ping_status":"closed","template":"elementor_header_footer","meta":{"footnotes":""},"class_list":["post-18143","page","type-page","status-publish","hentry"],"acf":[],"_links":{"self":[{"href":"https:\/\/clinicestetik.com\/en\/wp-json\/wp\/v2\/pages\/18143","targetHints":{"allow":["GET"]}}],"collection":[{"href":"https:\/\/clinicestetik.com\/en\/wp-json\/wp\/v2\/pages"}],"about":[{"href":"https:\/\/clinicestetik.com\/en\/wp-json\/wp\/v2\/types\/page"}],"author":[{"embeddable":true,"href":"https:\/\/clinicestetik.com\/en\/wp-json\/wp\/v2\/users\/1"}],"replies":[{"embeddable":true,"href":"https:\/\/clinicestetik.com\/en\/wp-json\/wp\/v2\/comments?post=18143"}],"version-history":[{"count":4,"href":"https:\/\/clinicestetik.com\/en\/wp-json\/wp\/v2\/pages\/18143\/revisions"}],"predecessor-version":[{"id":18147,"href":"https:\/\/clinicestetik.com\/en\/wp-json\/wp\/v2\/pages\/18143\/revisions\/18147"}],"up":[{"embeddable":true,"href":"https:\/\/clinicestetik.com\/en\/wp-json\/wp\/v2\/pages\/18827"}],"wp:attachment":[{"href":"https:\/\/clinicestetik.com\/en\/wp-json\/wp\/v2\/media?parent=18143"}],"curies":[{"name":"wp","href":"https:\/\/api.w.org\/{rel}","templated":true}]}}